{"id":31,"date":"2025-09-25T15:09:55","date_gmt":"2025-09-25T15:09:55","guid":{"rendered":"https:\/\/raisavalimaki.fi\/?page_id=31"},"modified":"2025-09-25T15:11:35","modified_gmt":"2025-09-25T15:11:35","slug":"minusta","status":"publish","type":"page","link":"https:\/\/raisavalimaki.fi\/index.php\/minusta\/","title":{"rendered":"Minusta"},"content":{"rendered":"\n<figure class=\"wp-block-image size-full\"><img fetchpriority=\"high\" decoding=\"async\" width=\"500\" height=\"667\" src=\"https:\/\/raisavalimaki.fi\/wp-content\/uploads\/2025\/09\/omakuva2.jpg\" alt=\"Oma kuva\" class=\"wp-image-34\" srcset=\"https:\/\/raisavalimaki.fi\/wp-content\/uploads\/2025\/09\/omakuva2.jpg 500w, https:\/\/raisavalimaki.fi\/wp-content\/uploads\/2025\/09\/omakuva2-225x300.jpg 225w\" sizes=\"(max-width: 500px) 100vw, 500px\" \/><\/figure>\n\n\n\n<p>Olen 37-vuotias nainen M\u00e4nts\u00e4l\u00e4st\u00e4, alun perin Etel\u00e4-Karjalasta Joutsenosta. Lapsuuteni vietin maalla yksinhuoltajais\u00e4n kasvattamana el\u00e4inten keskell\u00e4. 20-vuotiaana muutin Uudellemaalle opiskelemaan terveydenhoitajaksi.<\/p>\n\n\n\n<p>El\u00e4m\u00e4\u00e4ni on mahtunut suuria ilonaiheita, mutta my\u00f6s vaikeita vastoink\u00e4ymisi\u00e4. Olen selviytynyt p\u00e4ihdel\u00e4heisten aiheuttamasta kaaoksesta, masennuksesta, is\u00e4ni menetyksest\u00e4 22-vuotiaana, yksin\u00e4isyydest\u00e4 ja uupumuksesta. Samaan aikaan olen saanut rinnalleni ihanan aviomiehen ja kaksi upeaa lasta.<\/p>\n\n\n\n<p>\u00c4itiys ei ole ollut aina helppoa. Perhett\u00e4mme on koeteltu monella tapaa: esikoisen alku alkoi lasten tehovalvontaosastolta, molemmat lapset ovat olleet moniallergisia (sopivia ruoka-aineita oli ensimm\u00e4iset vuodet 5-6), pojallamme on ollut suolistosairaus, olemme selvinneet infektiokierteist\u00e4, puheenkehityksen viiveist\u00e4 ja nyt arjessa n\u00e4kyy my\u00f6s nepsyhaasteita.<\/p>\n\n\n\n<p>Olen kiitollinen niille tukirakenteille, joita yhteiskuntamme on tarjonnut. Ilman niit\u00e4 en olisi nyt t\u00e4ss\u00e4. Olen <strong>saanut<\/strong> apua nuorisoterapiasta, kriisity\u00f6st\u00e4, vertaistuesta, neuvolapsykologilta, kotipalvelusta sek\u00e4 lasten terapia- ja kuntoutuspalveluista. Ilman niit\u00e4 tarinani olisi ollut hyvin erilainen.<\/p>\n\n\n\n<p>Siksi olen todella huolestunut siit\u00e4, ett\u00e4 n\u00e4m\u00e4 tukirakenteet ovat purettu pois yhteiskunnastamme. Meille sanotaan yh\u00e4 useammin, ett\u00e4 jokainen on vastuussa itsest\u00e4\u00e4n. Jos lapsi syntyy perheeseen, jossa ei ole voimavaroja, on h\u00e4n vastuussa itsest\u00e4\u00e4n? Onko sairauden kohdannut ihminen aina syyllinen tilanteeseensa? Ei ole.<\/p>\n\n\n\n<p>Olen v\u00e4synyt siihen, ett\u00e4 ihmiset joutuvat taistelemaan saadakseen apua ja osa ei jaksa taistella. Olen turhautunut pompotteluun, joka on terveydenhuollossa liian arkip\u00e4iv\u00e4ist\u00e4. Olen uupunut siihen, ett\u00e4 heikoimmassa asemassa olevilta leikataan ensimm\u00e4isen\u00e4. Ja olen p\u00f6yristynyt siit\u00e4, miten nuorten mielenterveys, vanhusten ahdinko ja perheiden pahoinvointi j\u00e4\u00e4v\u00e4t puheiden tasolle ilman konkreettisia tekoja.<\/p>\n\n\n\n<p>Minun tarinani on my\u00f6s syy, miksi haluan olla mukana politiikassa: koska tied\u00e4n, milt\u00e4 tuntuu olla heikommassa asemassa ja mit\u00e4 tukipalvelut voivat parhaimmillaan merkit\u00e4.<\/p>\n","protected":false},"excerpt":{"rendered":"<p>Olen 37-vuotias nainen M\u00e4nts\u00e4l\u00e4st\u00e4, alun perin Etel\u00e4-Karjalasta Joutsenosta. Lapsuuteni vietin maalla yksinhuoltajais\u00e4n kasvattamana el\u00e4inten keskell\u00e4. 20-vuotiaana muutin Uudellemaalle opiskelemaan terveydenhoitajaksi. [&hellip;]<\/p>\n","protected":false},"author":1,"featured_media":0,"parent":0,"menu_order":0,"comment_status":"closed","ping_status":"closed","template":"","meta":{"site-sidebar-layout":"default","site-content-layout":"","ast-site-content-layout":"default","site-content-style":"default","site-sidebar-style":"default","ast-global-header-display":"","ast-banner-title-visibility":"","ast-main-header-display":"","ast-hfb-above-header-display":"","ast-hfb-below-header-display":"","ast-hfb-mobile-header-display":"","site-post-title":"","ast-breadcrumbs-content":"","ast-featured-img":"","footer-sml-layout":"","ast-disable-related-posts":"","theme-transparent-header-meta":"","adv-header-id-meta":"","stick-header-meta":"","header-above-stick-meta":"","header-main-stick-meta":"","header-below-stick-meta":"","astra-migrate-meta-layouts":"default","ast-page-background-enabled":"default","ast-page-background-meta":{"desktop":{"background-color":"var(--ast-global-color-5)","background-image":"","background-repeat":"repeat","background-position":"center center","background-size":"auto","background-attachment":"scroll","background-type":"","background-media":"","overlay-type":"","overlay-color":"","overlay-opacity":"","overlay-gradient":""},"tablet":{"background-color":"","background-image":"","background-repeat":"repeat","background-position":"center center","background-size":"auto","background-attachment":"scroll","background-type":"","background-media":"","overlay-type":"","overlay-color":"","overlay-opacity":"","overlay-gradient":""},"mobile":{"background-color":"","background-image":"","background-repeat":"repeat","background-position":"center center","background-size":"auto","background-attachment":"scroll","background-type":"","background-media":"","overlay-type":"","overlay-color":"","overlay-opacity":"","overlay-gradient":""}},"ast-content-background-meta":{"desktop":{"background-color":"var(--ast-global-color-4)","background-image":"","background-repeat":"repeat","background-position":"center center","background-size":"auto","background-attachment":"scroll","background-type":"","background-media":"","overlay-type":"","overlay-color":"","overlay-opacity":"","overlay-gradient":""},"tablet":{"background-color":"var(--ast-global-color-4)","background-image":"","background-repeat":"repeat","background-position":"center center","background-size":"auto","background-attachment":"scroll","background-type":"","background-media":"","overlay-type":"","overlay-color":"","overlay-opacity":"","overlay-gradient":""},"mobile":{"background-color":"var(--ast-global-color-4)","background-image":"","background-repeat":"repeat","background-position":"center center","background-size":"auto","background-attachment":"scroll","background-type":"","background-media":"","overlay-type":"","overlay-color":"","overlay-opacity":"","overlay-gradient":""}},"footnotes":""},"class_list":["post-31","page","type-page","status-publish","hentry"],"yoast_head":"<!-- This site is optimized with the Yoast SEO plugin v27.5 - https:\/\/yoast.com\/product\/yoast-seo-wordpress\/ -->\n<title>Minusta - Raisa V&auml;lim&auml;ki-Kuronen<\/title>\n<meta name=\"robots\" content=\"index, follow, max-snippet:-1, max-image-preview:large, max-video-preview:-1\" \/>\n<link rel=\"canonical\" href=\"https:\/\/raisavalimaki.fi\/index.php\/minusta\/\" \/>\n<meta property=\"og:locale\" content=\"fi_FI\" \/>\n<meta property=\"og:type\" content=\"article\" \/>\n<meta property=\"og:title\" content=\"Minusta - Raisa V&auml;lim&auml;ki-Kuronen\" \/>\n<meta property=\"og:description\" content=\"Olen 37-vuotias nainen M\u00e4nts\u00e4l\u00e4st\u00e4, alun perin Etel\u00e4-Karjalasta Joutsenosta. Lapsuuteni vietin maalla yksinhuoltajais\u00e4n kasvattamana el\u00e4inten keskell\u00e4. 20-vuotiaana muutin Uudellemaalle opiskelemaan terveydenhoitajaksi. [&hellip;]\" \/>\n<meta property=\"og:url\" content=\"https:\/\/raisavalimaki.fi\/index.php\/minusta\/\" \/>\n<meta property=\"og:site_name\" content=\"Raisa V&auml;lim&auml;ki-Kuronen\" \/>\n<meta property=\"article:modified_time\" content=\"2025-09-25T15:11:35+00:00\" \/>\n<meta property=\"og:image\" content=\"https:\/\/raisavalimaki.fi\/wp-content\/uploads\/2025\/09\/omakuva2.jpg\" \/>\n\t<meta property=\"og:image:width\" content=\"500\" \/>\n\t<meta property=\"og:image:height\" content=\"667\" \/>\n\t<meta property=\"og:image:type\" content=\"image\/jpeg\" \/>\n<meta name=\"twitter:card\" content=\"summary_large_image\" \/>\n<meta name=\"twitter:label1\" content=\"Arvioitu lukuaika\" \/>\n\t<meta name=\"twitter:data1\" content=\"2 minuuttia\" \/>\n<script type=\"application\/ld+json\" class=\"yoast-schema-graph\">{\"@context\":\"https:\\\/\\\/schema.org\",\"@graph\":[{\"@type\":\"WebPage\",\"@id\":\"https:\\\/\\\/raisavalimaki.fi\\\/index.php\\\/minusta\\\/\",\"url\":\"https:\\\/\\\/raisavalimaki.fi\\\/index.php\\\/minusta\\\/\",\"name\":\"Minusta - Raisa V&auml;lim&auml;ki-Kuronen\",\"isPartOf\":{\"@id\":\"https:\\\/\\\/raisavalimaki.fi\\\/#website\"},\"primaryImageOfPage\":{\"@id\":\"https:\\\/\\\/raisavalimaki.fi\\\/index.php\\\/minusta\\\/#primaryimage\"},\"image\":{\"@id\":\"https:\\\/\\\/raisavalimaki.fi\\\/index.php\\\/minusta\\\/#primaryimage\"},\"thumbnailUrl\":\"https:\\\/\\\/raisavalimaki.fi\\\/wp-content\\\/uploads\\\/2025\\\/09\\\/omakuva2.jpg\",\"datePublished\":\"2025-09-25T15:09:55+00:00\",\"dateModified\":\"2025-09-25T15:11:35+00:00\",\"breadcrumb\":{\"@id\":\"https:\\\/\\\/raisavalimaki.fi\\\/index.php\\\/minusta\\\/#breadcrumb\"},\"inLanguage\":\"fi\",\"potentialAction\":[{\"@type\":\"ReadAction\",\"target\":[\"https:\\\/\\\/raisavalimaki.fi\\\/index.php\\\/minusta\\\/\"]}]},{\"@type\":\"ImageObject\",\"inLanguage\":\"fi\",\"@id\":\"https:\\\/\\\/raisavalimaki.fi\\\/index.php\\\/minusta\\\/#primaryimage\",\"url\":\"https:\\\/\\\/raisavalimaki.fi\\\/wp-content\\\/uploads\\\/2025\\\/09\\\/omakuva2.jpg\",\"contentUrl\":\"https:\\\/\\\/raisavalimaki.fi\\\/wp-content\\\/uploads\\\/2025\\\/09\\\/omakuva2.jpg\",\"width\":500,\"height\":667},{\"@type\":\"BreadcrumbList\",\"@id\":\"https:\\\/\\\/raisavalimaki.fi\\\/index.php\\\/minusta\\\/#breadcrumb\",\"itemListElement\":[{\"@type\":\"ListItem\",\"position\":1,\"name\":\"Etusivu\",\"item\":\"https:\\\/\\\/raisavalimaki.fi\\\/\"},{\"@type\":\"ListItem\",\"position\":2,\"name\":\"Minusta\"}]},{\"@type\":\"WebSite\",\"@id\":\"https:\\\/\\\/raisavalimaki.fi\\\/#website\",\"url\":\"https:\\\/\\\/raisavalimaki.fi\\\/\",\"name\":\"Raisa V\u00e4lim\u00e4ki-Kuronen\",\"description\":\"\",\"potentialAction\":[{\"@type\":\"SearchAction\",\"target\":{\"@type\":\"EntryPoint\",\"urlTemplate\":\"https:\\\/\\\/raisavalimaki.fi\\\/?s={search_term_string}\"},\"query-input\":{\"@type\":\"PropertyValueSpecification\",\"valueRequired\":true,\"valueName\":\"search_term_string\"}}],\"inLanguage\":\"fi\"}]}<\/script>\n<!-- \/ Yoast SEO plugin. -->","yoast_head_json":{"title":"Minusta - Raisa V&auml;lim&auml;ki-Kuronen","robots":{"index":"index","follow":"follow","max-snippet":"max-snippet:-1","max-image-preview":"max-image-preview:large","max-video-preview":"max-video-preview:-1"},"canonical":"https:\/\/raisavalimaki.fi\/index.php\/minusta\/","og_locale":"fi_FI","og_type":"article","og_title":"Minusta - Raisa V&auml;lim&auml;ki-Kuronen","og_description":"Olen 37-vuotias nainen M\u00e4nts\u00e4l\u00e4st\u00e4, alun perin Etel\u00e4-Karjalasta Joutsenosta. Lapsuuteni vietin maalla yksinhuoltajais\u00e4n kasvattamana el\u00e4inten keskell\u00e4. 20-vuotiaana muutin Uudellemaalle opiskelemaan terveydenhoitajaksi. [&hellip;]","og_url":"https:\/\/raisavalimaki.fi\/index.php\/minusta\/","og_site_name":"Raisa V&auml;lim&auml;ki-Kuronen","article_modified_time":"2025-09-25T15:11:35+00:00","og_image":[{"width":500,"height":667,"url":"https:\/\/raisavalimaki.fi\/wp-content\/uploads\/2025\/09\/omakuva2.jpg","type":"image\/jpeg"}],"twitter_card":"summary_large_image","twitter_misc":{"Arvioitu lukuaika":"2 minuuttia"},"schema":{"@context":"https:\/\/schema.org","@graph":[{"@type":"WebPage","@id":"https:\/\/raisavalimaki.fi\/index.php\/minusta\/","url":"https:\/\/raisavalimaki.fi\/index.php\/minusta\/","name":"Minusta - Raisa V&auml;lim&auml;ki-Kuronen","isPartOf":{"@id":"https:\/\/raisavalimaki.fi\/#website"},"primaryImageOfPage":{"@id":"https:\/\/raisavalimaki.fi\/index.php\/minusta\/#primaryimage"},"image":{"@id":"https:\/\/raisavalimaki.fi\/index.php\/minusta\/#primaryimage"},"thumbnailUrl":"https:\/\/raisavalimaki.fi\/wp-content\/uploads\/2025\/09\/omakuva2.jpg","datePublished":"2025-09-25T15:09:55+00:00","dateModified":"2025-09-25T15:11:35+00:00","breadcrumb":{"@id":"https:\/\/raisavalimaki.fi\/index.php\/minusta\/#breadcrumb"},"inLanguage":"fi","potentialAction":[{"@type":"ReadAction","target":["https:\/\/raisavalimaki.fi\/index.php\/minusta\/"]}]},{"@type":"ImageObject","inLanguage":"fi","@id":"https:\/\/raisavalimaki.fi\/index.php\/minusta\/#primaryimage","url":"https:\/\/raisavalimaki.fi\/wp-content\/uploads\/2025\/09\/omakuva2.jpg","contentUrl":"https:\/\/raisavalimaki.fi\/wp-content\/uploads\/2025\/09\/omakuva2.jpg","width":500,"height":667},{"@type":"BreadcrumbList","@id":"https:\/\/raisavalimaki.fi\/index.php\/minusta\/#breadcrumb","itemListElement":[{"@type":"ListItem","position":1,"name":"Etusivu","item":"https:\/\/raisavalimaki.fi\/"},{"@type":"ListItem","position":2,"name":"Minusta"}]},{"@type":"WebSite","@id":"https:\/\/raisavalimaki.fi\/#website","url":"https:\/\/raisavalimaki.fi\/","name":"Raisa V\u00e4lim\u00e4ki-Kuronen","description":"","potentialAction":[{"@type":"SearchAction","target":{"@type":"EntryPoint","urlTemplate":"https:\/\/raisavalimaki.fi\/?s={search_term_string}"},"query-input":{"@type":"PropertyValueSpecification","valueRequired":true,"valueName":"search_term_string"}}],"inLanguage":"fi"}]}},"_links":{"self":[{"href":"https:\/\/raisavalimaki.fi\/index.php\/wp-json\/wp\/v2\/pages\/31","targetHints":{"allow":["GET"]}}],"collection":[{"href":"https:\/\/raisavalimaki.fi\/index.php\/wp-json\/wp\/v2\/pages"}],"about":[{"href":"https:\/\/raisavalimaki.fi\/index.php\/wp-json\/wp\/v2\/types\/page"}],"author":[{"embeddable":true,"href":"https:\/\/raisavalimaki.fi\/index.php\/wp-json\/wp\/v2\/users\/1"}],"replies":[{"embeddable":true,"href":"https:\/\/raisavalimaki.fi\/index.php\/wp-json\/wp\/v2\/comments?post=31"}],"version-history":[{"count":2,"href":"https:\/\/raisavalimaki.fi\/index.php\/wp-json\/wp\/v2\/pages\/31\/revisions"}],"predecessor-version":[{"id":35,"href":"https:\/\/raisavalimaki.fi\/index.php\/wp-json\/wp\/v2\/pages\/31\/revisions\/35"}],"wp:attachment":[{"href":"https:\/\/raisavalimaki.fi\/index.php\/wp-json\/wp\/v2\/media?parent=31"}],"curies":[{"name":"wp","href":"https:\/\/api.w.org\/{rel}","templated":true}]}}