{"id":37,"date":"2025-09-26T18:58:12","date_gmt":"2025-09-26T18:58:12","guid":{"rendered":"https:\/\/raisavalimaki.fi\/?page_id=37"},"modified":"2026-03-01T12:14:41","modified_gmt":"2026-03-01T12:14:41","slug":"mediassa","status":"publish","type":"page","link":"https:\/\/raisavalimaki.fi\/index.php\/mediassa\/","title":{"rendered":"Mediassa"},"content":{"rendered":"\t\t<div data-elementor-type=\"wp-page\" data-elementor-id=\"37\" class=\"elementor elementor-37\">\n\t\t\t\t<div class=\"elementor-element elementor-element-8252ee1 e-flex e-con-boxed e-con e-parent\" data-id=\"8252ee1\" data-element_type=\"container\" data-e-type=\"container\">\n\t\t\t\t\t<div class=\"e-con-inner\">\n\t\t\t\t<div class=\"elementor-element elementor-element-f6ce130 elementor-widget elementor-widget-text-editor\" data-id=\"f6ce130\" data-element_type=\"widget\" data-e-type=\"widget\" data-widget_type=\"text-editor.default\">\n\t\t\t\t\t\t\t\t\t<p>T\u00e4\u00e4lt\u00e4 l\u00f6yd\u00e4t lehtihaastatteluni, mielipidekirjoitukseni ja radiohaastatteluita. Median kautta tuon ajatuksia ilmi niin hyvinvoinnista, perheiden arjesta ja yhteiskunnallisesti vaikuttamisesta.<\/p>\t\t\t\t\t\t\t\t<\/div>\n\t\t\t\t\t<\/div>\n\t\t\t\t<\/div>\n\t\t<div class=\"elementor-element elementor-element-f6b33fc e-flex e-con-boxed e-con e-parent\" data-id=\"f6b33fc\" data-element_type=\"container\" data-e-type=\"container\">\n\t\t\t\t\t<div class=\"e-con-inner\">\n\t\t\t\t<div class=\"elementor-element elementor-element-472d9ae elementor-widget elementor-widget-heading\" data-id=\"472d9ae\" data-element_type=\"widget\" data-e-type=\"widget\" data-widget_type=\"heading.default\">\n\t\t\t\t\t<h2 class=\"elementor-heading-title elementor-size-default\">Mielipidekirjoitukset<\/h2>\t\t\t\t<\/div>\n\t\t\t\t\t<\/div>\n\t\t\t\t<\/div>\n\t\t<div class=\"elementor-element elementor-element-a0da266 e-flex e-con-boxed e-con e-parent\" data-id=\"a0da266\" data-element_type=\"container\" data-e-type=\"container\" data-settings=\"{&quot;background_background&quot;:&quot;classic&quot;}\">\n\t\t\t\t\t<div class=\"e-con-inner\">\n\t\t<div class=\"elementor-element elementor-element-40af2e5 e-con-full e-flex e-con e-child\" data-id=\"40af2e5\" data-element_type=\"container\" data-e-type=\"container\">\n\t\t\t\t<div class=\"elementor-element elementor-element-c46a9a3 elementor-widget elementor-widget-heading\" data-id=\"c46a9a3\" data-element_type=\"widget\" data-e-type=\"widget\" data-widget_type=\"heading.default\">\n\t\t\t\t\t<h2 class=\"elementor-heading-title elementor-size-default\">Terveydenhoitajalla on t\u00e4rke\u00e4 rooli neuvolapalveluissa<\/h2>\t\t\t\t<\/div>\n\t\t\t\t<div class=\"elementor-element elementor-element-13d13a7 elementor-widget elementor-widget-text-editor\" data-id=\"13d13a7\" data-element_type=\"widget\" data-e-type=\"widget\" data-widget_type=\"text-editor.default\">\n\t\t\t\t\t\t\t\t\t<p>Synnytt\u00e4jien parhaaksi voisi toimia malli, jossa k\u00e4til\u00f6 ja terveydenhoitaja muodostavat yhteisty\u00f6parin.<\/p>\t\t\t\t\t\t\t\t<\/div>\n\t\t\t\t<div class=\"elementor-element elementor-element-af58516 elementor-widget elementor-widget-button\" data-id=\"af58516\" data-element_type=\"widget\" data-e-type=\"widget\" data-widget_type=\"button.default\">\n\t\t\t\t\t\t\t\t\t\t<a class=\"elementor-button elementor-button-link elementor-size-sm\" href=\"\">\n\t\t\t\t\t\t<span class=\"elementor-button-content-wrapper\">\n\t\t\t\t\t\t\t\t\t<span class=\"elementor-button-text\">Klikkaa t\u00e4st\u00e4<\/span>\n\t\t\t\t\t<\/span>\n\t\t\t\t\t<\/a>\n\t\t\t\t\t\t\t\t<\/div>\n\t\t\t\t<\/div>\n\t\t\t\t\t<\/div>\n\t\t\t\t<\/div>\n\t\t<div class=\"elementor-element elementor-element-cb27780 e-flex e-con-boxed e-con e-parent\" data-id=\"cb27780\" data-element_type=\"container\" data-e-type=\"container\" data-settings=\"{&quot;background_background&quot;:&quot;classic&quot;}\">\n\t\t\t\t\t<div class=\"e-con-inner\">\n\t\t<div class=\"elementor-element elementor-element-4bc43be e-con-full e-flex e-con e-child\" data-id=\"4bc43be\" data-element_type=\"container\" data-e-type=\"container\">\n\t\t\t\t<div class=\"elementor-element elementor-element-81847e9 elementor-widget elementor-widget-heading\" data-id=\"81847e9\" data-element_type=\"widget\" data-e-type=\"widget\" data-widget_type=\"heading.default\">\n\t\t\t\t\t<h2 class=\"elementor-heading-title elementor-size-default\">Lapsiperheiden M\u00e4nts\u00e4l\u00e4 tarvitsee toimivan kouluverkon<\/h2>\t\t\t\t<\/div>\n\t\t\t\t<div class=\"elementor-element elementor-element-3ee633f elementor-widget elementor-widget-text-editor\" data-id=\"3ee633f\" data-element_type=\"widget\" data-e-type=\"widget\" data-widget_type=\"text-editor.default\">\n\t\t\t\t\t\t\t\t\t<p>Ilman toimivaa kouluverkkoa emme n\u00e4yt\u00e4 houkuttelevalta vaihtoehdolta lapsiperheille.<\/p>\t\t\t\t\t\t\t\t<\/div>\n\t\t\t\t<div class=\"elementor-element elementor-element-775e03a elementor-widget elementor-widget-button\" data-id=\"775e03a\" data-element_type=\"widget\" data-e-type=\"widget\" data-widget_type=\"button.default\">\n\t\t\t\t\t\t\t\t\t\t<a class=\"elementor-button elementor-button-link elementor-size-sm\" href=\"\">\n\t\t\t\t\t\t<span class=\"elementor-button-content-wrapper\">\n\t\t\t\t\t\t\t\t\t<span class=\"elementor-button-text\">Klikkaa t\u00e4st\u00e4<\/span>\n\t\t\t\t\t<\/span>\n\t\t\t\t\t<\/a>\n\t\t\t\t\t\t\t\t<\/div>\n\t\t\t\t<\/div>\n\t\t\t\t\t<\/div>\n\t\t\t\t<\/div>\n\t\t<div class=\"elementor-element elementor-element-1df7e04 e-flex e-con-boxed e-con e-parent\" data-id=\"1df7e04\" data-element_type=\"container\" data-e-type=\"container\" data-settings=\"{&quot;background_background&quot;:&quot;classic&quot;}\">\n\t\t\t\t\t<div class=\"e-con-inner\">\n\t\t<div class=\"elementor-element elementor-element-cf65913 e-con-full e-flex e-con e-child\" data-id=\"cf65913\" data-element_type=\"container\" data-e-type=\"container\">\n\t\t\t\t<div class=\"elementor-element elementor-element-50dbf4c elementor-widget elementor-widget-heading\" data-id=\"50dbf4c\" data-element_type=\"widget\" data-e-type=\"widget\" data-widget_type=\"heading.default\">\n\t\t\t\t\t<h2 class=\"elementor-heading-title elementor-size-default\">Synnytt\u00e4j\u00e4n ei pit\u00e4isi joutua pohtimaan sit\u00e4, mahtuuko sairaalaan<\/h2>\t\t\t\t<\/div>\n\t\t\t\t<div class=\"elementor-element elementor-element-9f6177f elementor-widget elementor-widget-text-editor\" data-id=\"9f6177f\" data-element_type=\"widget\" data-e-type=\"widget\" data-widget_type=\"text-editor.default\">\n\t\t\t\t\t\t\t\t\t<p>Synnytt\u00e4j\u00e4t eiv\u00e4t l\u00e4hde maakuntien sairaaloihin protestiksi, vaan turvan ja inhimillisyyden vuoksi.<\/p>\t\t\t\t\t\t\t\t<\/div>\n\t\t\t\t<div class=\"elementor-element elementor-element-a8a1cd6 elementor-widget elementor-widget-button\" data-id=\"a8a1cd6\" data-element_type=\"widget\" data-e-type=\"widget\" data-widget_type=\"button.default\">\n\t\t\t\t\t\t\t\t\t\t<a class=\"elementor-button elementor-button-link elementor-size-sm\" href=\"\">\n\t\t\t\t\t\t<span class=\"elementor-button-content-wrapper\">\n\t\t\t\t\t\t\t\t\t<span class=\"elementor-button-text\">Klikkaa t\u00e4st\u00e4<\/span>\n\t\t\t\t\t<\/span>\n\t\t\t\t\t<\/a>\n\t\t\t\t\t\t\t\t<\/div>\n\t\t\t\t<\/div>\n\t\t\t\t\t<\/div>\n\t\t\t\t<\/div>\n\t\t<div class=\"elementor-element elementor-element-2e4f638 e-flex e-con-boxed e-con e-parent\" data-id=\"2e4f638\" data-element_type=\"container\" data-e-type=\"container\" data-settings=\"{&quot;background_background&quot;:&quot;classic&quot;}\">\n\t\t\t\t\t<div class=\"e-con-inner\">\n\t\t<div class=\"elementor-element elementor-element-29f5488 e-con-full e-flex e-con e-child\" data-id=\"29f5488\" data-element_type=\"container\" data-e-type=\"container\">\n\t\t\t\t<div class=\"elementor-element elementor-element-c85f234 elementor-widget elementor-widget-heading\" data-id=\"c85f234\" data-element_type=\"widget\" data-e-type=\"widget\" data-widget_type=\"heading.default\">\n\t\t\t\t\t<h2 class=\"elementor-heading-title elementor-size-default\">Neuvolapsykologin palvelut on turvattava perheille<\/h2>\t\t\t\t<\/div>\n\t\t\t\t<div class=\"elementor-element elementor-element-e625be5 elementor-widget elementor-widget-text-editor\" data-id=\"e625be5\" data-element_type=\"widget\" data-e-type=\"widget\" data-widget_type=\"text-editor.default\">\n\t\t\t\t\t\t\t\t\t<p>Raskaana olevien ja pienten lasten vanhempien neuvolapsykologin palvelut ovat poistuneet Keski-Uudellamaalla.<\/p>\t\t\t\t\t\t\t\t<\/div>\n\t\t\t\t<div class=\"elementor-element elementor-element-bc457e9 elementor-widget elementor-widget-button\" data-id=\"bc457e9\" data-element_type=\"widget\" data-e-type=\"widget\" data-widget_type=\"button.default\">\n\t\t\t\t\t\t\t\t\t\t<a class=\"elementor-button elementor-button-link elementor-size-sm\" href=\"\">\n\t\t\t\t\t\t<span class=\"elementor-button-content-wrapper\">\n\t\t\t\t\t\t\t\t\t<span class=\"elementor-button-text\">Klikkaa t\u00e4st\u00e4<\/span>\n\t\t\t\t\t<\/span>\n\t\t\t\t\t<\/a>\n\t\t\t\t\t\t\t\t<\/div>\n\t\t\t\t<\/div>\n\t\t\t\t\t<\/div>\n\t\t\t\t<\/div>\n\t\t<div class=\"elementor-element elementor-element-6626b2e e-flex e-con-boxed e-con e-parent\" data-id=\"6626b2e\" data-element_type=\"container\" data-e-type=\"container\">\n\t\t\t\t\t<div class=\"e-con-inner\">\n\t\t\t\t<div class=\"elementor-element elementor-element-30d9da1 elementor-widget elementor-widget-heading\" data-id=\"30d9da1\" data-element_type=\"widget\" data-e-type=\"widget\" data-widget_type=\"heading.default\">\n\t\t\t\t\t<h2 class=\"elementor-heading-title elementor-size-default\">Lehtijutut<\/h2>\t\t\t\t<\/div>\n\t\t\t\t\t<\/div>\n\t\t\t\t<\/div>\n\t\t<div class=\"elementor-element elementor-element-6e91d24 e-flex e-con-boxed e-con e-parent\" data-id=\"6e91d24\" data-element_type=\"container\" data-e-type=\"container\" data-settings=\"{&quot;background_background&quot;:&quot;classic&quot;}\">\n\t\t\t\t\t<div class=\"e-con-inner\">\n\t\t<div class=\"elementor-element elementor-element-067f758 e-con-full e-flex e-con e-child\" data-id=\"067f758\" data-element_type=\"container\" data-e-type=\"container\">\n\t\t\t\t<div class=\"elementor-element elementor-element-7e72f6d elementor-widget elementor-widget-heading\" data-id=\"7e72f6d\" data-element_type=\"widget\" data-e-type=\"widget\" data-widget_type=\"heading.default\">\n\t\t\t\t\t<h2 class=\"elementor-heading-title elementor-size-default\">Pienten lasten ohjattu omahoito: varhaista tukea perheille<\/h2>\t\t\t\t<\/div>\n\t\t\t\t<div class=\"elementor-element elementor-element-b83c56b elementor-widget elementor-widget-text-editor\" data-id=\"b83c56b\" data-element_type=\"widget\" data-e-type=\"widget\" data-widget_type=\"text-editor.default\">\n\t\t\t\t\t\t\t\t\t<p>Pienten lasten ohjattua omahoitoa on pilotoitu kev\u00e4\u00e4ll\u00e4 2023. Pilottiin osallistuneet ammattilaiset kertovat menetelm\u00e4n tarjoavan vanhemmille luotettavaa tietoa ja tukea, joiden avulla vanhemmuus vahvistuu ja orastaviin ongelmiin saadaan ratkaisuja jo alkuvaiheessa.<\/p>\t\t\t\t\t\t\t\t<\/div>\n\t\t\t\t<div class=\"elementor-element elementor-element-d0bc739 elementor-widget elementor-widget-button\" data-id=\"d0bc739\" data-element_type=\"widget\" data-e-type=\"widget\" data-widget_type=\"button.default\">\n\t\t\t\t\t\t\t\t\t\t<a class=\"elementor-button elementor-button-link elementor-size-sm\" href=\"https:\/\/terapiatetulinjaan.fi\/ajankohtaista\/uutinen\/2023\/12\/07\/pienten-lasten-ohjattu-omahoito-varhaista-tukea-perheille\/\">\n\t\t\t\t\t\t<span class=\"elementor-button-content-wrapper\">\n\t\t\t\t\t\t\t\t\t<span class=\"elementor-button-text\">Klikkaa t\u00e4st\u00e4<\/span>\n\t\t\t\t\t<\/span>\n\t\t\t\t\t<\/a>\n\t\t\t\t\t\t\t\t<\/div>\n\t\t\t\t<\/div>\n\t\t\t\t\t<\/div>\n\t\t\t\t<\/div>\n\t\t<div class=\"elementor-element elementor-element-ff4767e e-flex e-con-boxed e-con e-parent\" data-id=\"ff4767e\" data-element_type=\"container\" data-e-type=\"container\" data-settings=\"{&quot;background_background&quot;:&quot;classic&quot;}\">\n\t\t\t\t\t<div class=\"e-con-inner\">\n\t\t<div class=\"elementor-element elementor-element-2573915 e-con-full e-flex e-con e-child\" data-id=\"2573915\" data-element_type=\"container\" data-e-type=\"container\">\n\t\t\t\t<div class=\"elementor-element elementor-element-20bf18a elementor-widget elementor-widget-heading\" data-id=\"20bf18a\" data-element_type=\"widget\" data-e-type=\"widget\" data-widget_type=\"heading.default\">\n\t\t\t\t\t<h2 class=\"elementor-heading-title elementor-size-default\">Vertaismentorointi tukee ohjatun omahoidon opiskelua<\/h2>\t\t\t\t<\/div>\n\t\t\t\t<div class=\"elementor-element elementor-element-cb6d29e elementor-widget elementor-widget-text-editor\" data-id=\"cb6d29e\" data-element_type=\"widget\" data-e-type=\"widget\" data-widget_type=\"text-editor.default\">\n\t\t\t\t\t\t\t\t\t<p>Terveydenhoitaja Raisa V\u00e4lim\u00e4ki-Kuronen tukee vertaismentoroinnilla ammattilaisia pienten lasten ohjatun omahoidon opiskelussa. Mentorointi antaa konkreettisia vinkkej\u00e4 ja vertaistukea, mik\u00e4 taas auttaa ammattilaisia pit\u00e4m\u00e4\u00e4n menetelm\u00e4n pysyv\u00e4n\u00e4 osana ty\u00f6t\u00e4\u00e4n.<\/p>\t\t\t\t\t\t\t\t<\/div>\n\t\t\t\t<div class=\"elementor-element elementor-element-b858e61 elementor-widget elementor-widget-button\" data-id=\"b858e61\" data-element_type=\"widget\" data-e-type=\"widget\" data-widget_type=\"button.default\">\n\t\t\t\t\t\t\t\t\t\t<a class=\"elementor-button elementor-button-link elementor-size-sm\" href=\"https:\/\/terapiatetulinjaan.fi\/ajankohtaista\/uutinen\/2024\/03\/25\/vertaismentorointi-tukee-ohjatun-omahoidon-opiskelua\/\">\n\t\t\t\t\t\t<span class=\"elementor-button-content-wrapper\">\n\t\t\t\t\t\t\t\t\t<span class=\"elementor-button-text\">Klikkaa t\u00e4st\u00e4<\/span>\n\t\t\t\t\t<\/span>\n\t\t\t\t\t<\/a>\n\t\t\t\t\t\t\t\t<\/div>\n\t\t\t\t<\/div>\n\t\t\t\t\t<\/div>\n\t\t\t\t<\/div>\n\t\t<div class=\"elementor-element elementor-element-fe207a2 e-flex e-con-boxed e-con e-parent\" data-id=\"fe207a2\" data-element_type=\"container\" data-e-type=\"container\" data-settings=\"{&quot;background_background&quot;:&quot;classic&quot;}\">\n\t\t\t\t\t<div class=\"e-con-inner\">\n\t\t<div class=\"elementor-element elementor-element-ed39e1a e-con-full e-flex e-con e-child\" data-id=\"ed39e1a\" data-element_type=\"container\" data-e-type=\"container\">\n\t\t\t\t<div class=\"elementor-element elementor-element-fc1ba80 elementor-widget elementor-widget-heading\" data-id=\"fc1ba80\" data-element_type=\"widget\" data-e-type=\"widget\" data-widget_type=\"heading.default\">\n\t\t\t\t\t<h2 class=\"elementor-heading-title elementor-size-default\">Moniallergisten lasten \u00e4iti Raisa listasi ruokamenot kuukauden ajalta \u2013 hinnat huimaavat p\u00e4\u00e4t\u00e4<\/h2>\t\t\t\t<\/div>\n\t\t\t\t<div class=\"elementor-element elementor-element-40d2b3c elementor-widget elementor-widget-text-editor\" data-id=\"40d2b3c\" data-element_type=\"widget\" data-e-type=\"widget\" data-widget_type=\"text-editor.default\">\n\t\t\t\t\t\t\t\t\t<p>Allergiat rajoittavat usein koko perheen el\u00e4m\u00e4\u00e4.<\/p>\t\t\t\t\t\t\t\t<\/div>\n\t\t\t\t<div class=\"elementor-element elementor-element-40c2c39 elementor-widget elementor-widget-button\" data-id=\"40c2c39\" data-element_type=\"widget\" data-e-type=\"widget\" data-widget_type=\"button.default\">\n\t\t\t\t\t\t\t\t\t\t<a class=\"elementor-button elementor-button-link elementor-size-sm\" href=\"https:\/\/www.is.fi\/perhe\/art-2000005665867.html?fbclid=IwY2xjawMEXL5leHRuA2FlbQIxMQABHnQN3uW_uwVy_6Ci00N6-JW0kG9GuMXGi9Vu3oMqRM4KRXf5-9zY-lehlddS_aem_7L35v_WrEMlMpBY2B6-4egaista\/uutinen\/2024\/03\/25\/vertaismentorointi-tukee-ohjatun-omahoidon-opiskelua\/\">\n\t\t\t\t\t\t<span class=\"elementor-button-content-wrapper\">\n\t\t\t\t\t\t\t\t\t<span class=\"elementor-button-text\">Klikkaa t\u00e4st\u00e4<\/span>\n\t\t\t\t\t<\/span>\n\t\t\t\t\t<\/a>\n\t\t\t\t\t\t\t\t<\/div>\n\t\t\t\t<\/div>\n\t\t\t\t\t<\/div>\n\t\t\t\t<\/div>\n\t\t<div class=\"elementor-element elementor-element-9b39113 e-flex e-con-boxed e-con e-parent\" data-id=\"9b39113\" data-element_type=\"container\" data-e-type=\"container\">\n\t\t\t\t\t<div class=\"e-con-inner\">\n\t\t\t\t<div class=\"elementor-element elementor-element-ef9fdfd elementor-widget elementor-widget-heading\" data-id=\"ef9fdfd\" data-element_type=\"widget\" data-e-type=\"widget\" data-widget_type=\"heading.default\">\n\t\t\t\t\t<h2 class=\"elementor-heading-title elementor-size-default\">Radio<\/h2>\t\t\t\t<\/div>\n\t\t\t\t\t<\/div>\n\t\t\t\t<\/div>\n\t\t<div class=\"elementor-element elementor-element-52aedc4 e-flex e-con-boxed e-con e-parent\" data-id=\"52aedc4\" data-element_type=\"container\" data-e-type=\"container\" data-settings=\"{&quot;background_background&quot;:&quot;classic&quot;}\">\n\t\t\t\t\t<div class=\"e-con-inner\">\n\t\t<div class=\"elementor-element elementor-element-d1ae26d e-con-full e-flex e-con e-child\" data-id=\"d1ae26d\" data-element_type=\"container\" data-e-type=\"container\">\n\t\t\t\t<div class=\"elementor-element elementor-element-d686dff elementor-widget elementor-widget-heading\" data-id=\"d686dff\" data-element_type=\"widget\" data-e-type=\"widget\" data-widget_type=\"heading.default\">\n\t\t\t\t\t<h2 class=\"elementor-heading-title elementor-size-default\">Ruokasuhteeni vinksahti kokatessani allergialapsilleni <\/h2>\t\t\t\t<\/div>\n\t\t\t\t<div class=\"elementor-element elementor-element-92c299f elementor-widget elementor-widget-text-editor\" data-id=\"92c299f\" data-element_type=\"widget\" data-e-type=\"widget\" data-widget_type=\"text-editor.default\">\n\t\t\t\t\t\t\t\t\t<p>Menetin ruokahaluni moniallergisille lapsille kokatessa, sanoo Raisa V\u00e4lim\u00e4ki. Ruoan tekeminen harvoista aineksista yh\u00e4 uudestaan sai Raisan itse voimaan pahoin esimerkiksi kes\u00e4kurpitsaa raastaessa. Nyt h\u00e4n opettelee sy\u00f6m\u00e4\u00e4n ja nauttimaan ruoasta. Minna Korhonen tapasi Raisan Vantaaalla ruokakaappien \u00e4\u00e4rell\u00e4.<\/p>\t\t\t\t\t\t\t\t<\/div>\n\t\t\t\t<\/div>\n\t\t\t\t\t<\/div>\n\t\t\t\t<\/div>\n\t\t\t\t<\/div>\n\t\t","protected":false},"excerpt":{"rendered":"<p>T\u00e4\u00e4lt\u00e4 l\u00f6yd\u00e4t lehtihaastatteluni, mielipidekirjoitukseni ja radiohaastatteluita. Median kautta tuon ajatuksia ilmi niin hyvinvoinnista, perheiden arjesta ja yhteiskunnallisesti vaikuttamisesta. Mielipidekirjoitukset Terveydenhoitajalla [&hellip;]<\/p>\n","protected":false},"author":1,"featured_media":0,"parent":0,"menu_order":0,"comment_status":"closed","ping_status":"closed","template":"","meta":{"site-sidebar-layout":"default","site-content-layout":"","ast-site-content-layout":"default","site-content-style":"default","site-sidebar-style":"default","ast-global-header-display":"","ast-banner-title-visibility":"","ast-main-header-display":"","ast-hfb-above-header-display":"","ast-hfb-below-header-display":"","ast-hfb-mobile-header-display":"","site-post-title":"","ast-breadcrumbs-content":"","ast-featured-img":"","footer-sml-layout":"","ast-disable-related-posts":"","theme-transparent-header-meta":"","adv-header-id-meta":"","stick-header-meta":"","header-above-stick-meta":"","header-main-stick-meta":"","header-below-stick-meta":"","astra-migrate-meta-layouts":"default","ast-page-background-enabled":"default","ast-page-background-meta":{"desktop":{"background-color":"var(--ast-global-color-5)","background-image":"","background-repeat":"repeat","background-position":"center center","background-size":"auto","background-attachment":"scroll","background-type":"","background-media":"","overlay-type":"","overlay-color":"","overlay-opacity":"","overlay-gradient":""},"tablet":{"background-color":"","background-image":"","background-repeat":"repeat","background-position":"center center","background-size":"auto","background-attachment":"scroll","background-type":"","background-media":"","overlay-type":"","overlay-color":"","overlay-opacity":"","overlay-gradient":""},"mobile":{"background-color":"","background-image":"","background-repeat":"repeat","background-position":"center center","background-size":"auto","background-attachment":"scroll","background-type":"","background-media":"","overlay-type":"","overlay-color":"","overlay-opacity":"","overlay-gradient":""}},"ast-content-background-meta":{"desktop":{"background-color":"var(--ast-global-color-4)","background-image":"","background-repeat":"repeat","background-position":"center center","background-size":"auto","background-attachment":"scroll","background-type":"","background-media":"","overlay-type":"","overlay-color":"","overlay-opacity":"","overlay-gradient":""},"tablet":{"background-color":"var(--ast-global-color-4)","background-image":"","background-repeat":"repeat","background-position":"center center","background-size":"auto","background-attachment":"scroll","background-type":"","background-media":"","overlay-type":"","overlay-color":"","overlay-opacity":"","overlay-gradient":""},"mobile":{"background-color":"var(--ast-global-color-4)","background-image":"","background-repeat":"repeat","background-position":"center center","background-size":"auto","background-attachment":"scroll","background-type":"","background-media":"","overlay-type":"","overlay-color":"","overlay-opacity":"","overlay-gradient":""}},"footnotes":""},"class_list":["post-37","page","type-page","status-publish","hentry"],"yoast_head":"<!-- This site is optimized with the Yoast SEO plugin v27.5 - https:\/\/yoast.com\/product\/yoast-seo-wordpress\/ -->\n<title>Mediassa - Raisa V&auml;lim&auml;ki-Kuronen %<\/title>\n<meta name=\"robots\" content=\"index, follow, max-snippet:-1, max-image-preview:large, max-video-preview:-1\" \/>\n<link rel=\"canonical\" href=\"https:\/\/raisavalimaki.fi\/index.php\/mediassa\/\" \/>\n<meta property=\"og:locale\" content=\"fi_FI\" \/>\n<meta property=\"og:type\" content=\"article\" \/>\n<meta property=\"og:title\" content=\"Mediassa - Raisa V&auml;lim&auml;ki-Kuronen %\" \/>\n<meta property=\"og:description\" content=\"T\u00e4\u00e4lt\u00e4 l\u00f6yd\u00e4t lehtihaastatteluni, mielipidekirjoitukseni ja radiohaastatteluita. Median kautta tuon ajatuksia ilmi niin hyvinvoinnista, perheiden arjesta ja yhteiskunnallisesti vaikuttamisesta. Mielipidekirjoitukset Terveydenhoitajalla [&hellip;]\" \/>\n<meta property=\"og:url\" content=\"https:\/\/raisavalimaki.fi\/index.php\/mediassa\/\" \/>\n<meta property=\"og:site_name\" content=\"Raisa V&auml;lim&auml;ki-Kuronen\" \/>\n<meta property=\"article:modified_time\" content=\"2026-03-01T12:14:41+00:00\" \/>\n<meta name=\"twitter:card\" content=\"summary_large_image\" \/>\n<meta name=\"twitter:label1\" content=\"Arvioitu lukuaika\" \/>\n\t<meta name=\"twitter:data1\" content=\"2 minuuttia\" \/>\n<script type=\"application\/ld+json\" class=\"yoast-schema-graph\">{\"@context\":\"https:\\\/\\\/schema.org\",\"@graph\":[{\"@type\":\"WebPage\",\"@id\":\"https:\\\/\\\/raisavalimaki.fi\\\/index.php\\\/mediassa\\\/\",\"url\":\"https:\\\/\\\/raisavalimaki.fi\\\/index.php\\\/mediassa\\\/\",\"name\":\"Mediassa - Raisa V&auml;lim&auml;ki-Kuronen %\",\"isPartOf\":{\"@id\":\"https:\\\/\\\/raisavalimaki.fi\\\/#website\"},\"datePublished\":\"2025-09-26T18:58:12+00:00\",\"dateModified\":\"2026-03-01T12:14:41+00:00\",\"breadcrumb\":{\"@id\":\"https:\\\/\\\/raisavalimaki.fi\\\/index.php\\\/mediassa\\\/#breadcrumb\"},\"inLanguage\":\"fi\",\"potentialAction\":[{\"@type\":\"ReadAction\",\"target\":[\"https:\\\/\\\/raisavalimaki.fi\\\/index.php\\\/mediassa\\\/\"]}]},{\"@type\":\"BreadcrumbList\",\"@id\":\"https:\\\/\\\/raisavalimaki.fi\\\/index.php\\\/mediassa\\\/#breadcrumb\",\"itemListElement\":[{\"@type\":\"ListItem\",\"position\":1,\"name\":\"Etusivu\",\"item\":\"https:\\\/\\\/raisavalimaki.fi\\\/\"},{\"@type\":\"ListItem\",\"position\":2,\"name\":\"Mediassa\"}]},{\"@type\":\"WebSite\",\"@id\":\"https:\\\/\\\/raisavalimaki.fi\\\/#website\",\"url\":\"https:\\\/\\\/raisavalimaki.fi\\\/\",\"name\":\"Raisa V\u00e4lim\u00e4ki-Kuronen\",\"description\":\"\",\"potentialAction\":[{\"@type\":\"SearchAction\",\"target\":{\"@type\":\"EntryPoint\",\"urlTemplate\":\"https:\\\/\\\/raisavalimaki.fi\\\/?s={search_term_string}\"},\"query-input\":{\"@type\":\"PropertyValueSpecification\",\"valueRequired\":true,\"valueName\":\"search_term_string\"}}],\"inLanguage\":\"fi\"}]}<\/script>\n<!-- \/ Yoast SEO plugin. -->","yoast_head_json":{"title":"Mediassa - Raisa V&auml;lim&auml;ki-Kuronen %","robots":{"index":"index","follow":"follow","max-snippet":"max-snippet:-1","max-image-preview":"max-image-preview:large","max-video-preview":"max-video-preview:-1"},"canonical":"https:\/\/raisavalimaki.fi\/index.php\/mediassa\/","og_locale":"fi_FI","og_type":"article","og_title":"Mediassa - Raisa V&auml;lim&auml;ki-Kuronen %","og_description":"T\u00e4\u00e4lt\u00e4 l\u00f6yd\u00e4t lehtihaastatteluni, mielipidekirjoitukseni ja radiohaastatteluita. Median kautta tuon ajatuksia ilmi niin hyvinvoinnista, perheiden arjesta ja yhteiskunnallisesti vaikuttamisesta. Mielipidekirjoitukset Terveydenhoitajalla [&hellip;]","og_url":"https:\/\/raisavalimaki.fi\/index.php\/mediassa\/","og_site_name":"Raisa V&auml;lim&auml;ki-Kuronen","article_modified_time":"2026-03-01T12:14:41+00:00","twitter_card":"summary_large_image","twitter_misc":{"Arvioitu lukuaika":"2 minuuttia"},"schema":{"@context":"https:\/\/schema.org","@graph":[{"@type":"WebPage","@id":"https:\/\/raisavalimaki.fi\/index.php\/mediassa\/","url":"https:\/\/raisavalimaki.fi\/index.php\/mediassa\/","name":"Mediassa - Raisa V&auml;lim&auml;ki-Kuronen %","isPartOf":{"@id":"https:\/\/raisavalimaki.fi\/#website"},"datePublished":"2025-09-26T18:58:12+00:00","dateModified":"2026-03-01T12:14:41+00:00","breadcrumb":{"@id":"https:\/\/raisavalimaki.fi\/index.php\/mediassa\/#breadcrumb"},"inLanguage":"fi","potentialAction":[{"@type":"ReadAction","target":["https:\/\/raisavalimaki.fi\/index.php\/mediassa\/"]}]},{"@type":"BreadcrumbList","@id":"https:\/\/raisavalimaki.fi\/index.php\/mediassa\/#breadcrumb","itemListElement":[{"@type":"ListItem","position":1,"name":"Etusivu","item":"https:\/\/raisavalimaki.fi\/"},{"@type":"ListItem","position":2,"name":"Mediassa"}]},{"@type":"WebSite","@id":"https:\/\/raisavalimaki.fi\/#website","url":"https:\/\/raisavalimaki.fi\/","name":"Raisa V\u00e4lim\u00e4ki-Kuronen","description":"","potentialAction":[{"@type":"SearchAction","target":{"@type":"EntryPoint","urlTemplate":"https:\/\/raisavalimaki.fi\/?s={search_term_string}"},"query-input":{"@type":"PropertyValueSpecification","valueRequired":true,"valueName":"search_term_string"}}],"inLanguage":"fi"}]}},"_links":{"self":[{"href":"https:\/\/raisavalimaki.fi\/index.php\/wp-json\/wp\/v2\/pages\/37","targetHints":{"allow":["GET"]}}],"collection":[{"href":"https:\/\/raisavalimaki.fi\/index.php\/wp-json\/wp\/v2\/pages"}],"about":[{"href":"https:\/\/raisavalimaki.fi\/index.php\/wp-json\/wp\/v2\/types\/page"}],"author":[{"embeddable":true,"href":"https:\/\/raisavalimaki.fi\/index.php\/wp-json\/wp\/v2\/users\/1"}],"replies":[{"embeddable":true,"href":"https:\/\/raisavalimaki.fi\/index.php\/wp-json\/wp\/v2\/comments?post=37"}],"version-history":[{"count":32,"href":"https:\/\/raisavalimaki.fi\/index.php\/wp-json\/wp\/v2\/pages\/37\/revisions"}],"predecessor-version":[{"id":103,"href":"https:\/\/raisavalimaki.fi\/index.php\/wp-json\/wp\/v2\/pages\/37\/revisions\/103"}],"wp:attachment":[{"href":"https:\/\/raisavalimaki.fi\/index.php\/wp-json\/wp\/v2\/media?parent=37"}],"curies":[{"name":"wp","href":"https:\/\/api.w.org\/{rel}","templated":true}]}}